{"id":4673,"date":"2026-01-12T10:38:25","date_gmt":"2026-01-12T10:38:25","guid":{"rendered":"https:\/\/claudiamorenofraile.com\/?page_id=4673"},"modified":"2026-02-25T17:59:00","modified_gmt":"2026-02-25T17:59:00","slug":"docencia","status":"publish","type":"page","link":"https:\/\/claudiamorenofraile.com\/es\/docencia\/","title":{"rendered":"Docencia"},"content":{"rendered":"<section class=\"l-section wpb_row us_custom_5c07cc07 height_custom width_full\"><div class=\"l-section-h i-cf\"><div class=\"g-cols vc_row via_grid cols_2 laptops-cols_inherit tablets-cols_inherit mobiles-cols_1 valign_top type_default stacking_default\"><div class=\"wpb_column vc_column_container\"><div class=\"vc_column-inner\"><div class=\"wpb_text_column us_custom_432d3f53\"><div class=\"wpb_wrapper\"><p>Como int\u00e9rprete, en la diversa carrera de Claudia, hay una significativa experiencia como solista, as\u00ed como en grupos de m\u00fasica de c\u00e1mara, ballets y orquestas. A trav\u00e9s de la improvisaci\u00f3n y de la interpretaci\u00f3n de m\u00fasica contempor\u00e1nea y obras de compositores renombrados, ha perfeccionado su creatividad y flexibilidad sobre el escenario, cualidades que aporta a sus clases mediante tanto su experiencia t\u00e9cnica (enfatizando una t\u00e9cnica sana que asegure \u00e9xito a largo t\u00e9rmino y prevenga lesiones) y su enfoque pedag\u00f3gico.<\/p>\n<p>Como educadora, se especializa en la ense\u00f1anza del arpa cl\u00e1sica de pedales y arpa c\u00e9ltica, creando un ambiente inclusivo y de apoyo que fomente la singularidad de cada estudiante. A la vez, m\u00e1s all\u00e1 de las interpretaciones y estilos tradicionales, los anima a explorar todo el espectro de posibilidades musicales. Experimentar la diversidad musical y disertar son partes integrales de las clases de Claudia, donde los estudiantes aprenden a apreciar la amplia gama de la expresi\u00f3n musical m\u00e1s all\u00e1 del canon cl\u00e1sico y cultivan el pensamiento cr\u00edtico y la reflexi\u00f3n filos\u00f3fica.<\/p>\n<p>En enero de 2025 fue invitada a impartir una <em>masterclass<\/em> en el Conservatorio de M\u00fasica Juan Cris\u00f3stomo de Arriaga (Bilbao), compartiendo su maestr\u00eda con j\u00f3venes m\u00fasicos. Su experiencia docente en clases particulares, combinada con sus estudios pedag\u00f3gicos, le ha permitido desarrollar m\u00e9todos de ense\u00f1anza adaptables e individualizados, esenciales para una instrucci\u00f3n exitosa. Para ajustar su ense\u00f1anza a la personalidad, morfolog\u00eda, necesidades e intereses de cada estudiante, Claudia actualiza continuamente sus conocimientos y crea nuevas transcripciones musicales para arpa.<\/p>\n<\/div><\/div><\/div><\/div><div class=\"wpb_column vc_column_container\"><div class=\"vc_column-inner\"><div class=\"wpb_text_column\"><div class=\"wpb_wrapper\"><h3>Preguntas frecuentes<\/h3>\n<\/div><\/div><div class=\"w-separator size_small\"><\/div><div class=\"w-tabs style_default switch_click accordion has_scrolling\" style=\"--sections-title-size:inherit\"><div class=\"w-tabs-sections titles-align_none icon_chevron cpos_right\"><div class=\"w-tabs-section\" id=\"mc9e\"><button class=\"w-tabs-section-header\" aria-controls=\"content-mc9e\" aria-expanded=\"false\"><div class=\"w-tabs-section-title\">\u00bfEs necesario tener formaci\u00f3n musical previa?<\/div><div class=\"w-tabs-section-control\"><\/div><\/button><div  class=\"w-tabs-section-content\" id=\"content-mc9e\"><div class=\"w-tabs-section-content-h i-cf\"><div class=\"wpb_text_column\"><div class=\"wpb_wrapper\"><p>Si bien tener una formaci\u00f3n musical previa es estupendo y ciertamente ayudar\u00e1 a iniciar las clases de arpa, no es necesaria para comenzar las lecciones conmigo. \u00a1Solo necesitas tener el deseo de aprender y disfrutar de la m\u00fasica!<\/p>\n<\/div><\/div><\/div><\/div><\/div><div class=\"w-tabs-section\" id=\"jdf9\"><button class=\"w-tabs-section-header\" aria-controls=\"content-jdf9\" aria-expanded=\"false\"><div class=\"w-tabs-section-title\">\u00bfA qu\u00e9 intervalo de edades ense\u00f1o?<\/div><div class=\"w-tabs-section-control\"><\/div><\/button><div  class=\"w-tabs-section-content\" id=\"content-jdf9\"><div class=\"w-tabs-section-content-h i-cf\"><div class=\"wpb_text_column\"><div class=\"wpb_wrapper\"><p>Acepto estudiantes a partir de los seis a\u00f1os y tambi\u00e9n ense\u00f1o a adultos, aunque me especializo en trabajar con estudiantes de entre 12 y 26 a\u00f1os que desean hacer del arpa su carrera profesional.<\/p>\n<\/div><\/div><\/div><\/div><\/div><div class=\"w-tabs-section\" id=\"def3\"><button class=\"w-tabs-section-header\" aria-controls=\"content-def3\" aria-expanded=\"false\"><div class=\"w-tabs-section-title\">\u00bfNecesitar\u00e9 un arpa propia?<\/div><div class=\"w-tabs-section-control\"><\/div><\/button><div  class=\"w-tabs-section-content\" id=\"content-def3\"><div class=\"w-tabs-section-content-h i-cf\"><div class=\"wpb_text_column\"><div class=\"wpb_wrapper\"><p>Depende de tus intereses personales, pero lo m\u00e1s probable es que s\u00ed: necesitar\u00e1s alquilar o comprar un arpa para poder ensayar en casa entre clases. Te proporcionar\u00e9 informaci\u00f3n detallada sobre las opciones de alquiler y compra. No es necesario que traigas tu arpa a las clases (puedes tocar mi instrumento durante las lecciones).<\/p>\n<\/div><\/div><\/div><\/div><\/div><div class=\"w-tabs-section\" id=\"bfd1\"><button class=\"w-tabs-section-header\" aria-controls=\"content-bfd1\" aria-expanded=\"false\"><div class=\"w-tabs-section-title\">\u00bfPuedo recibir una lecci\u00f3n de prueba?<\/div><div class=\"w-tabs-section-control\"><\/div><\/button><div  class=\"w-tabs-section-content\" id=\"content-bfd1\"><div class=\"w-tabs-section-content-h i-cf\"><div class=\"wpb_text_column\"><div class=\"wpb_wrapper\"><p>\u00a1Claro! Las lecciones de prueba con nuevos estudiantes y familias son una perfecta oportunidad para mostrarte mi estilo de ense\u00f1anza y poder poner en com\u00fan objetivos.<\/p>\n<\/div><\/div><\/div><\/div><\/div><div class=\"w-tabs-section\" id=\"f0af\"><button class=\"w-tabs-section-header\" aria-controls=\"content-f0af\" aria-expanded=\"false\"><div class=\"w-tabs-section-title\">\u00bfCu\u00e1les son las tarifas de las clases?<\/div><div class=\"w-tabs-section-control\"><\/div><\/button><div  class=\"w-tabs-section-content\" id=\"content-f0af\"><div class=\"w-tabs-section-content-h i-cf\"><div class=\"wpb_text_column\"><div class=\"wpb_wrapper\"><p>Por favor, contacta conmigo para conocer mis tarifas actuales. Ofrezco opciones de clases de 30, 45, 60 y 90 minutos. Tambi\u00e9n puedes acceder a clases <em>online<\/em>.<\/p>\n<\/div><\/div><\/div><\/div><\/div><div class=\"w-tabs-section\" id=\"iaa1\"><button class=\"w-tabs-section-header\" aria-controls=\"content-iaa1\" aria-expanded=\"false\"><div class=\"w-tabs-section-title\">\u00bfC\u00f3mo puedo ponerme en contacto contigo?<\/div><div class=\"w-tabs-section-control\"><\/div><\/button><div  class=\"w-tabs-section-content\" id=\"content-iaa1\"><div class=\"w-tabs-section-content-h i-cf\"><div class=\"wpb_text_column\"><div class=\"wpb_wrapper\"><p>Puedes enviarme un correo electr\u00f3nico a\u00a0<span style=\"color: #c5a670;\"><a class=\"w-text-h\" style=\"color: #c5a670;\" href=\"mailto:info@claudiamorenofraile.com\"><span class=\"w-text-value\">info@claudiamorenofraile.com<\/span><\/a>\u00a0<\/span>o escribirme a trav\u00e9s del formulario de contacto. \u00a1Me har\u00e1 much\u00edsima ilusi\u00f3n recibir tu mensaje!<\/p>\n\n<div class=\"wpcf7 no-js\" id=\"wpcf7-f4792-o1\" lang=\"es-ES\" dir=\"ltr\" data-wpcf7-id=\"4792\">\n<div class=\"screen-reader-response\"><p role=\"status\" aria-live=\"polite\" aria-atomic=\"true\"><\/p> <ul><\/ul><\/div>\n<form action=\"\/es\/wp-json\/wp\/v2\/pages\/4673#wpcf7-f4792-o1\" method=\"post\" class=\"wpcf7-form init\" aria-label=\"Formulario de contacto\" novalidate=\"novalidate\" data-status=\"init\">\n<fieldset class=\"hidden-fields-container\"><input type=\"hidden\" name=\"_wpcf7\" value=\"4792\" \/><input type=\"hidden\" name=\"_wpcf7_version\" value=\"6.1.5\" \/><input type=\"hidden\" name=\"_wpcf7_locale\" value=\"es_ES\" \/><input type=\"hidden\" name=\"_wpcf7_unit_tag\" value=\"wpcf7-f4792-o1\" \/><input type=\"hidden\" name=\"_wpcf7_container_post\" value=\"0\" \/><input type=\"hidden\" name=\"_wpcf7_posted_data_hash\" value=\"\" \/>\n<\/fieldset>\n<div class=\"wpcf7-response-output\" aria-hidden=\"true\"><\/div>\n<p><label for=\"your-name\">Tu nombre (requerido)<\/label>\n<\/p>\n<p><span class=\"wpcf7-form-control-wrap\" data-name=\"your-name\"><input size=\"40\" maxlength=\"400\" class=\"wpcf7-form-control wpcf7-text wpcf7-validates-as-required\" id=\"your-name\" aria-required=\"true\" aria-invalid=\"false\" value=\"\" type=\"text\" name=\"your-name\" \/><\/span>\n<\/p>\n<p><label for=\"your-email\">Tu correo electr\u00f3nico (requerido)<\/label>\n<\/p>\n<p><span class=\"wpcf7-form-control-wrap\" data-name=\"your-email\"><input size=\"40\" maxlength=\"400\" class=\"wpcf7-form-control wpcf7-email wpcf7-validates-as-required wpcf7-text wpcf7-validates-as-email\" id=\"your-email\" aria-required=\"true\" aria-invalid=\"false\" value=\"\" type=\"email\" name=\"your-email\" \/><\/span>\n<\/p>\n<p><label for=\"your-message\">Tu mensaje<\/label>\n<\/p>\n<p><span class=\"wpcf7-form-control-wrap\" data-name=\"your-message\"><textarea cols=\"40\" rows=\"10\" maxlength=\"2000\" class=\"wpcf7-form-control wpcf7-textarea\" id=\"your-message\" aria-invalid=\"false\" name=\"your-message\"><\/textarea><\/span>\n<\/p>\n<p><input class=\"wpcf7-form-control wpcf7-submit has-spinner\" type=\"submit\" value=\"Enviar\" \/>\n<\/p>\n<\/form>\n<\/div>\n\n<\/div><\/div><\/div><\/div><\/div><\/div><\/div><\/div><\/div><\/div><\/div><\/section>\n","protected":false},"excerpt":{"rendered":"Como int\u00e9rprete, en la diversa carrera de Claudia, hay una significativa experiencia como solista, as\u00ed como en grupos de m\u00fasica de c\u00e1mara, ballets y orquestas. A trav\u00e9s de la improvisaci\u00f3n y de la interpretaci\u00f3n de m\u00fasica contempor\u00e1nea y obras de compositores renombrados, ha perfeccionado su creatividad y flexibilidad sobre el escenario, cualidades que aporta a...","protected":false},"author":1,"featured_media":4279,"parent":0,"menu_order":0,"comment_status":"closed","ping_status":"closed","template":"","meta":{"footnotes":""},"class_list":["post-4673","page","type-page","status-publish","has-post-thumbnail","hentry"],"_links":{"self":[{"href":"https:\/\/claudiamorenofraile.com\/es\/wp-json\/wp\/v2\/pages\/4673","targetHints":{"allow":["GET"]}}],"collection":[{"href":"https:\/\/claudiamorenofraile.com\/es\/wp-json\/wp\/v2\/pages"}],"about":[{"href":"https:\/\/claudiamorenofraile.com\/es\/wp-json\/wp\/v2\/types\/page"}],"author":[{"embeddable":true,"href":"https:\/\/claudiamorenofraile.com\/es\/wp-json\/wp\/v2\/users\/1"}],"replies":[{"embeddable":true,"href":"https:\/\/claudiamorenofraile.com\/es\/wp-json\/wp\/v2\/comments?post=4673"}],"version-history":[{"count":3,"href":"https:\/\/claudiamorenofraile.com\/es\/wp-json\/wp\/v2\/pages\/4673\/revisions"}],"predecessor-version":[{"id":4793,"href":"https:\/\/claudiamorenofraile.com\/es\/wp-json\/wp\/v2\/pages\/4673\/revisions\/4793"}],"wp:featuredmedia":[{"embeddable":true,"href":"https:\/\/claudiamorenofraile.com\/es\/wp-json\/wp\/v2\/media\/4279"}],"wp:attachment":[{"href":"https:\/\/claudiamorenofraile.com\/es\/wp-json\/wp\/v2\/media?parent=4673"}],"curies":[{"name":"wp","href":"https:\/\/api.w.org\/{rel}","templated":true}]}}