{"id":4302,"date":"2025-03-22T19:21:17","date_gmt":"2025-03-22T19:21:17","guid":{"rendered":"https:\/\/claudiamorenofraile.com\/about-me\/"},"modified":"2026-01-11T11:40:02","modified_gmt":"2026-01-11T11:40:02","slug":"about-me","status":"publish","type":"page","link":"https:\/\/claudiamorenofraile.com\/es\/about-me\/","title":{"rendered":"Sobre m\u00ed"},"content":{"rendered":"<section class=\"l-section wpb_row height_custom width_full\"><div class=\"l-section-h i-cf\"><div class=\"g-cols vc_row via_grid cols_1 laptops-cols_inherit tablets-cols_inherit mobiles-cols_1 valign_top type_default stacking_default\"><div class=\"wpb_column vc_column_container\"><div class=\"vc_column-inner\"><div class=\"w-separator size_small\"><\/div><div class=\"wpb_text_column\"><div class=\"wpb_wrapper\"><p>Claudia Moreno es una arpista profesional con m\u00e1s de diecis\u00e9is a\u00f1os de ecl\u00e9ctica experiencia musical, centrada principalmente en g\u00e9neros cl\u00e1sicos, modernos y contempor\u00e1neos. H\u00e1bil en transcripci\u00f3n musical, improvisaci\u00f3n y en el r\u00e1pido dominio de diversos repertorios, su compromiso con la m\u00fasica va m\u00e1s all\u00e1 de la interpretaci\u00f3n. Claudia est\u00e1 motivada por la necesidad de compartir su sensibilidad con la sociedad y de conectar con el p\u00fablico a trav\u00e9s del arte, su capacidad reflexiva y su profunda belleza.<\/p>\n<p><img loading=\"lazy\" decoding=\"async\" class=\"alignright wp-image-3879\" src=\"https:\/\/claudiamorenofraile.com\/wp-content\/uploads\/2025\/03\/Claudia-Moreno-Fraile-arpa-241x300.jpg\" alt=\"\" width=\"420\" height=\"523\" srcset=\"https:\/\/claudiamorenofraile.com\/wp-content\/uploads\/2025\/03\/Claudia-Moreno-Fraile-arpa-241x300.jpg 241w, https:\/\/claudiamorenofraile.com\/wp-content\/uploads\/2025\/03\/Claudia-Moreno-Fraile-arpa-822x1024.jpg 822w, https:\/\/claudiamorenofraile.com\/wp-content\/uploads\/2025\/03\/Claudia-Moreno-Fraile-arpa.jpg 1080w\" sizes=\"auto, (max-width: 420px) 100vw, 420px\" \/>Descrita por expertos en m\u00fasica como una int\u00e9rprete joven excepcional y brillante, su maestr\u00eda musical se caracteriza por una profunda expresividad. Su inteligencia emocional, junto con su talento y tenacidad, la han guiado por los caminos del arte. Con un amplio inter\u00e9s por la cultura, Claudia es aficionada a la actuaci\u00f3n, el canto, la escritura, la pintura y la fotograf\u00eda. Su experiencia le ha llevado a ser la autora de varios textos para piezas corales y dise\u00f1adora de portadas para algunos compositores contempor\u00e1neos. Esta artista emergente tambi\u00e9n ha autograbado un EP original, <a href=\"https:\/\/www.youtube.com\/playlist?list=PLigZkAYXgLCv2LVJxOKHs0CHIv5T3IjTg\" target=\"_blank\" rel=\"noopener\">Palimpsesto<\/a>, en el que canta y toca sus propias composiciones y poemas para arpa y voz.<\/p>\n<p>La experiencia de Moreno abarca grupos de c\u00e1mara, ballets, \u00f3peras y orquestas juveniles como la JONC (Jove Orquestra Nacional de Catalunya) o la JOL (Joven Orquesta Leonesa), coros como el Cor de Noies y el Cor Jove de l&#8217;Orfe\u00f3 Catal\u00e0, adem\u00e1s de actuaciones en solitario en prestigiosas salas de conciertos como el Riojaforum (Logro\u00f1o), el Teatro Soho (M\u00e1laga) y el Teatre Liceu (Barcelona).<\/p>\n<p>Recientemente, Claudia ofreci\u00f3 una clase magistral de arpa para estudiantes en el Conservatorio Juan Cris\u00f3stomo de Arriaga en Bilbao. En el a\u00f1o 2018 gan\u00f3 el segundo premio en el Concurso de J\u00f3venes Int\u00e9rpretes de Euskadi y recibi\u00f3 una Beca de Excelencia de la Fundaci\u00f3 de m\u00fasica Ferrer-Salat durante sus estudios en el Conservatorio Liceu. Tambi\u00e9n ha obtenido becas de la Sociedad de Artistas Int\u00e9rpretes o Ejecutantes de Espa\u00f1a (AIE), la Diputaci\u00f3n Foral de Bizkaia, la Fundaci\u00f3 Pedro I Pons y el Berklee College of Music.<\/p>\n<p>Nacida en Bilbao en 2002, Claudia comenz\u00f3 sus estudios musicales en el Conservatorio Juan Cris\u00f3stomo de Arriaga con Cristina S\u00e1nchez Cu\u00e9tara, y m\u00e1s tarde con Ane Arteche. A los 17 a\u00f1os fue admitida en la Fundaci\u00f3 Conservatori Liceu de Barcelona, donde estudi\u00f3 con Abigail Prat, obteniendo su licenciatura con cum laude. En 2024, se traslad\u00f3 a Estados Unidos para cursar un m\u00e1ster en interpretaci\u00f3n del arpa con Charles Overton en el Conservatorio de Boston, en Berklee.<\/p>\n<p>Al mismo tiempo que impulsa su carrera art\u00edstica, combina su trabajo profesional con la ense\u00f1anza, compartiendo su conocimiento y pasi\u00f3n por la m\u00fasica con las nuevas generaciones.<\/p>\n<\/div><\/div><\/div><\/div><\/div><\/div><\/section>\n","protected":false},"excerpt":{"rendered":"Claudia Moreno es una arpista profesional con m\u00e1s de diecis\u00e9is a\u00f1os de ecl\u00e9ctica experiencia musical, centrada principalmente en g\u00e9neros cl\u00e1sicos, modernos y contempor\u00e1neos. H\u00e1bil en transcripci\u00f3n musical, improvisaci\u00f3n y en el r\u00e1pido dominio de diversos repertorios, su compromiso con la m\u00fasica va m\u00e1s all\u00e1 de la interpretaci\u00f3n. Claudia est\u00e1 motivada por la necesidad de compartir...","protected":false},"author":1,"featured_media":4204,"parent":0,"menu_order":0,"comment_status":"closed","ping_status":"closed","template":"","meta":{"footnotes":""},"class_list":["post-4302","page","type-page","status-publish","has-post-thumbnail","hentry"],"_links":{"self":[{"href":"https:\/\/claudiamorenofraile.com\/es\/wp-json\/wp\/v2\/pages\/4302","targetHints":{"allow":["GET"]}}],"collection":[{"href":"https:\/\/claudiamorenofraile.com\/es\/wp-json\/wp\/v2\/pages"}],"about":[{"href":"https:\/\/claudiamorenofraile.com\/es\/wp-json\/wp\/v2\/types\/page"}],"author":[{"embeddable":true,"href":"https:\/\/claudiamorenofraile.com\/es\/wp-json\/wp\/v2\/users\/1"}],"replies":[{"embeddable":true,"href":"https:\/\/claudiamorenofraile.com\/es\/wp-json\/wp\/v2\/comments?post=4302"}],"version-history":[{"count":12,"href":"https:\/\/claudiamorenofraile.com\/es\/wp-json\/wp\/v2\/pages\/4302\/revisions"}],"predecessor-version":[{"id":4660,"href":"https:\/\/claudiamorenofraile.com\/es\/wp-json\/wp\/v2\/pages\/4302\/revisions\/4660"}],"wp:featuredmedia":[{"embeddable":true,"href":"https:\/\/claudiamorenofraile.com\/es\/wp-json\/wp\/v2\/media\/4204"}],"wp:attachment":[{"href":"https:\/\/claudiamorenofraile.com\/es\/wp-json\/wp\/v2\/media?parent=4302"}],"curies":[{"name":"wp","href":"https:\/\/api.w.org\/{rel}","templated":true}]}}