{"id":4301,"date":"2025-03-22T19:21:17","date_gmt":"2025-03-22T19:21:17","guid":{"rendered":"https:\/\/claudiamorenofraile.com\/about-me\/"},"modified":"2026-01-19T11:30:32","modified_gmt":"2026-01-19T11:30:32","slug":"about-me","status":"publish","type":"page","link":"https:\/\/claudiamorenofraile.com\/ca\/about-me\/","title":{"rendered":"Sobre mi"},"content":{"rendered":"<section class=\"l-section wpb_row height_custom width_full\"><div class=\"l-section-h i-cf\"><div class=\"g-cols vc_row via_grid cols_1 laptops-cols_inherit tablets-cols_inherit mobiles-cols_1 valign_top type_default stacking_default\"><div class=\"wpb_column vc_column_container\"><div class=\"vc_column-inner\"><div class=\"w-separator size_small\"><\/div><div class=\"wpb_text_column\"><div class=\"wpb_wrapper\"><p>Claudia Moreno \u00e9s una arpista professional amb m\u00e9s de setze anys d&#8217;ecl\u00e8ctica experi\u00e8ncia musical, centrada principalment en g\u00e8neres cl\u00e0ssics, moderns i contemporanis. H\u00e0bil en transcripci\u00f3 musical, improvisaci\u00f3 i en el r\u00e0pid domini de diversos repertoris, el seu comprom\u00eds amb la m\u00fasica va m\u00e9s enll\u00e0 de la interpretaci\u00f3. Claudia est\u00e0 motivada per la necessitat de compartir la seva sensibilitat amb la societat i de connectar amb el p\u00fablic a trav\u00e9s de l&#8217;art, la seva capacitat reflexiva i la seva profunda bellesa.<\/p>\n<p><img loading=\"lazy\" decoding=\"async\" class=\"alignright wp-image-3879\" src=\"https:\/\/claudiamorenofraile.com\/wp-content\/uploads\/2025\/03\/Claudia-Moreno-Fraile-arpa-241x300.jpg\" alt=\"\" width=\"415\" height=\"517\" srcset=\"https:\/\/claudiamorenofraile.com\/wp-content\/uploads\/2025\/03\/Claudia-Moreno-Fraile-arpa-241x300.jpg 241w, https:\/\/claudiamorenofraile.com\/wp-content\/uploads\/2025\/03\/Claudia-Moreno-Fraile-arpa-822x1024.jpg 822w, https:\/\/claudiamorenofraile.com\/wp-content\/uploads\/2025\/03\/Claudia-Moreno-Fraile-arpa.jpg 1080w\" sizes=\"auto, (max-width: 415px) 100vw, 415px\" \/>Descrita per experts en m\u00fasica com una int\u00e8rpret jove excepcional i brillant, el seu mestratge musical es caracteritza per una profunda expressivitat. La seva intel\u00b7lig\u00e8ncia emocional, juntament amb el seu talent i tenacitat, l&#8217;han guiat pels camins de l&#8217;art. Amb un ampli inter\u00e8s per la cultura, Claudia \u00e9s aficionada a l&#8217;actuaci\u00f3, el cant, l&#8217;escriptura, la pintura i la fotografia. La seva experi\u00e8ncia l&#8217;ha portat a ser l&#8217;autora de diversos textos per a peces corals i dissenyadora de portades per a alguns compositors contemporanis. Aquesta artista emergent tamb\u00e9 ha autogravat un EP original, <em><a href=\"https:\/\/www.youtube.com\/playlist?list=PLigZkAYXgLCv2LVJxOKHs0CHIv5T3IjTg\" target=\"_blank\" rel=\"noopener\">Palimpsesto<\/a><\/em>, en el qual canta i toca les seves pr\u00f2pies composicions i poemes per a arpa i veu.<\/p>\n<p>L&#8217;experi\u00e8ncia de Moreno abasta grups de cambra, ballets, \u00f2peres i orquestres juvenils com la JONC (Jove Orquestra Nacional de Catalunya) o la JOL (Jove Orquestra Lleonesa), cors com el Cor de Noies i el Cor Jove de l&#8217;Orfe\u00f3 Catal\u00e0, a m\u00e9s d&#8217;actuacions en solitari en prestigioses sales de concerts com el Riojaforum (Logronyo), el Teatro Soho (M\u00e0laga) i el Teatre Liceu (Barcelona).<\/p>\n<p>Recentment, Claudia va impartir una classe magistral d&#8217;arpa per a estudiants en el Conservatori Juan Cris\u00f3stomo de Arriaga a Bilbao. L&#8217;any 2018 va guanyar el segon premi en el Concurs de Joves Int\u00e8rprets d&#8217;Euskadi i va rebre una Beca d&#8217;Excel\u00b7l\u00e8ncia de la Fundaci\u00f3 de m\u00fasica Ferrer-Salat durant els seus estudis en el Conservatori Liceu. Tamb\u00e9 ha obtingut beques de la Sociedad de Artistas Int\u00e9rpretes o Ejecutantes de Espa\u00f1a (AIE), la Diputaci\u00f3 Foral de Bizkaia, la Fundaci\u00f3 Pedro I Pons i el Berklee College of Music.<\/p>\n<p>Nascuda a Bilbao en 2002, Claudia va comen\u00e7ar els seus estudis musicals al Conservatori Juan Cris\u00f3stomo de Arriaga amb la Cristina S\u00e1nchez Cu\u00e9tara, i m\u00e9s tard amb l&#8217;Ane Arteche. A 17 anys va ser admesa en la Fundaci\u00f3 Conservatori Liceu de Barcelona, on va estudiar amb l&#8217;Abigail Prat, obtenint la seva llicenciatura amb cum laude. En 2024, es va traslladar als Estats Units per a cursar el seu m\u00e0ster en Interpretaci\u00f3 d&#8217;Arpa amb en Charles Overton al Boston Conservatory at Berklee.<\/p>\n<p>Al mateix temps que impulsa la seva carrera art\u00edstica, combina el seu treball professional amb l&#8217;ensenyament, compartint el seu coneixement i passi\u00f3 per la m\u00fasica amb les noves generacions.<\/p>\n<\/div><\/div><\/div><\/div><\/div><\/div><\/section>\n","protected":false},"excerpt":{"rendered":"Claudia Moreno \u00e9s una arpista professional amb m\u00e9s de setze anys d&#8217;ecl\u00e8ctica experi\u00e8ncia musical, centrada principalment en g\u00e8neres cl\u00e0ssics, moderns i contemporanis. H\u00e0bil en transcripci\u00f3 musical, improvisaci\u00f3 i en el r\u00e0pid domini de diversos repertoris, el seu comprom\u00eds amb la m\u00fasica va m\u00e9s enll\u00e0 de la interpretaci\u00f3. Claudia est\u00e0 motivada per la necessitat de compartir...","protected":false},"author":1,"featured_media":4203,"parent":0,"menu_order":0,"comment_status":"closed","ping_status":"closed","template":"","meta":{"footnotes":""},"class_list":["post-4301","page","type-page","status-publish","has-post-thumbnail","hentry"],"_links":{"self":[{"href":"https:\/\/claudiamorenofraile.com\/ca\/wp-json\/wp\/v2\/pages\/4301","targetHints":{"allow":["GET"]}}],"collection":[{"href":"https:\/\/claudiamorenofraile.com\/ca\/wp-json\/wp\/v2\/pages"}],"about":[{"href":"https:\/\/claudiamorenofraile.com\/ca\/wp-json\/wp\/v2\/types\/page"}],"author":[{"embeddable":true,"href":"https:\/\/claudiamorenofraile.com\/ca\/wp-json\/wp\/v2\/users\/1"}],"replies":[{"embeddable":true,"href":"https:\/\/claudiamorenofraile.com\/ca\/wp-json\/wp\/v2\/comments?post=4301"}],"version-history":[{"count":9,"href":"https:\/\/claudiamorenofraile.com\/ca\/wp-json\/wp\/v2\/pages\/4301\/revisions"}],"predecessor-version":[{"id":4733,"href":"https:\/\/claudiamorenofraile.com\/ca\/wp-json\/wp\/v2\/pages\/4301\/revisions\/4733"}],"wp:featuredmedia":[{"embeddable":true,"href":"https:\/\/claudiamorenofraile.com\/ca\/wp-json\/wp\/v2\/media\/4203"}],"wp:attachment":[{"href":"https:\/\/claudiamorenofraile.com\/ca\/wp-json\/wp\/v2\/media?parent=4301"}],"curies":[{"name":"wp","href":"https:\/\/api.w.org\/{rel}","templated":true}]}}