{"id":4295,"date":"2025-03-22T20:05:27","date_gmt":"2025-03-22T20:05:27","guid":{"rendered":"https:\/\/claudiamorenofraile.com\/projects\/"},"modified":"2026-01-19T11:52:36","modified_gmt":"2026-01-19T11:52:36","slug":"projects","status":"publish","type":"page","link":"https:\/\/claudiamorenofraile.com\/ca\/projects\/","title":{"rendered":"Projectes"},"content":{"rendered":"<section class=\"l-section wpb_row height_custom width_full\"><div class=\"l-section-h i-cf\"><div class=\"g-cols vc_row via_grid cols_1 laptops-cols_inherit tablets-cols_inherit mobiles-cols_1 valign_top type_default stacking_default\"><div class=\"wpb_column vc_column_container\"><div class=\"vc_column-inner\"><div class=\"w-separator size_small\"><\/div><div class=\"w-tabs style_default switch_click accordion has_scrolling\" style=\"--sections-title-size:inherit\"><div class=\"w-tabs-sections titles-align_none icon_chevron cpos_right\"><div class=\"w-tabs-section\" id=\"f5fb\"><button class=\"w-tabs-section-header\" aria-controls=\"content-f5fb\" aria-expanded=\"false\"><div class=\"w-tabs-section-title\">Palimpsest<\/div><div class=\"w-tabs-section-control\"><\/div><\/button><div  class=\"w-tabs-section-content\" id=\"content-f5fb\"><div class=\"w-tabs-section-content-h i-cf\"><div class=\"wpb_text_column\"><div class=\"wpb_wrapper\"><h3>PALIMPSEST<\/h3>\n<h4>Composicions a trav\u00e9s de pr\u00e9stecs musicals de repertori arp\u00edstic original<\/h4>\n<p><img loading=\"lazy\" decoding=\"async\" class=\"alignleft wp-image-3989 size-medium\" src=\"https:\/\/claudiamorenofraile.com\/wp-content\/uploads\/2025\/03\/Claudia-Moreno-Fraile-Palimpesto-1-300x300.jpg\" alt=\"\" width=\"300\" height=\"300\" srcset=\"https:\/\/claudiamorenofraile.com\/wp-content\/uploads\/2025\/03\/Claudia-Moreno-Fraile-Palimpesto-1-300x300.jpg 300w, https:\/\/claudiamorenofraile.com\/wp-content\/uploads\/2025\/03\/Claudia-Moreno-Fraile-Palimpesto-1-150x150.jpg 150w, https:\/\/claudiamorenofraile.com\/wp-content\/uploads\/2025\/03\/Claudia-Moreno-Fraile-Palimpesto-1.jpg 1024w\" sizes=\"auto, (max-width: 300px) 100vw, 300px\" \/><\/p>\n<p>Conformat per cinc can\u00e7ons que sumen una durada total de vint minuts, l\u2019EP \u201c<a href=\"https:\/\/www.youtube.com\/playlist?list=PLigZkAYXgLCv2LVJxOKHs0CHIv5T3IjTg\" target=\"_blank\" rel=\"noopener\">Palimpsest<\/a>\u201d \u00e9s un projecte art\u00edstic que es va desenvolupar al llarg del curs 2023\/24. El seu atribut es defineix essencialment en l&#8217;\u00fas de peces cl\u00e0ssiques originals per a arpa com a base de les noves composicions constituents del disc.<\/p>\n<p>El projecte pret\u00e9n, a trav\u00e9s d&#8217;una fusi\u00f3 d&#8217;estils cl\u00e0ssics i moderns, donar a con\u00e8ixer l&#8217;arpa i el seu repertori a la mostra m\u00e9s gran de p\u00fablic possible, aportant una perspectiva inexplorada de l&#8217;instrument, tan complex i vers\u00e0til com \u00e9s, evitant aix\u00ed la seva obsolesc\u00e8ncia.<\/p>\n<p>Com a comuni\u00f3 de les arts, combinades en les seves diferents disciplines, i conviv\u00e8ncia entre els segles passats i l&#8217;actual, Cl\u00e0udia aposta per la creativitat de l&#8217;artista i aspira a compartir bellesa i sensibilitat.<\/p>\n<\/div><\/div><div class=\"w-separator size_small\"><\/div><div class=\"g-cols wpb_row via_grid cols_2 laptops-cols_inherit tablets-cols_inherit mobiles-cols_1 valign_top type_default stacking_default\" style=\"--columns-gap:3rem;\"><div class=\"wpb_column vc_column_container\"><div class=\"vc_column-inner\"><div class=\"w-video align_none ratio_16x9 has_iframe\"><div class=\"w-video-h\"><iframe title=\"Youtube video player\" src=\"\/\/www.youtube.com\/embed\/975OelgTIYw?autoplay=0&controls=1&origin=https:\/\/claudiamorenofraile.com\/ca\/&loop=0&mute=0\" allowfullscreen=\"1\" loading=\"lazy\"><\/iframe><\/div><\/div><div class=\"w-separator size_small\"><\/div><div class=\"w-video align_none ratio_16x9 has_iframe\"><div class=\"w-video-h\"><iframe title=\"Youtube video player\" src=\"\/\/www.youtube.com\/embed\/ABVBjUmTrz4?autoplay=0&controls=1&origin=https:\/\/claudiamorenofraile.com\/ca\/&loop=0&mute=0\" allowfullscreen=\"1\" loading=\"lazy\"><\/iframe><\/div><\/div><div class=\"w-separator size_small\"><\/div><div class=\"w-video align_none ratio_16x9 has_iframe\"><div class=\"w-video-h\"><iframe title=\"Youtube video player\" src=\"\/\/www.youtube.com\/embed\/BVyYEL1sKb4?autoplay=0&controls=1&origin=https:\/\/claudiamorenofraile.com\/ca\/&loop=0&mute=0\" allowfullscreen=\"1\" loading=\"lazy\"><\/iframe><\/div><\/div><\/div><\/div><div class=\"wpb_column vc_column_container\"><div class=\"vc_column-inner\"><div class=\"w-video align_none ratio_16x9 has_iframe\"><div class=\"w-video-h\"><iframe title=\"Youtube video player\" src=\"\/\/www.youtube.com\/embed\/g9bXrgdsp_M?autoplay=0&controls=1&origin=https:\/\/claudiamorenofraile.com\/ca\/&loop=0&mute=0\" allowfullscreen=\"1\" loading=\"lazy\"><\/iframe><\/div><\/div><div class=\"w-separator size_small\"><\/div><div class=\"w-video align_none ratio_16x9 has_iframe\"><div class=\"w-video-h\"><iframe title=\"Youtube video player\" src=\"\/\/www.youtube.com\/embed\/iB8L-Qy5whA?autoplay=0&controls=1&origin=https:\/\/claudiamorenofraile.com\/ca\/&loop=0&mute=0\" allowfullscreen=\"1\" loading=\"lazy\"><\/iframe><\/div><\/div><\/div><\/div><\/div><\/div><\/div><\/div><div class=\"w-tabs-section\" id=\"p898\"><button class=\"w-tabs-section-header\" aria-controls=\"content-p898\" aria-expanded=\"false\"><div class=\"w-tabs-section-title\">Cover art and texts for composers<\/div><div class=\"w-tabs-section-control\"><\/div><\/button><div  class=\"w-tabs-section-content\" id=\"content-p898\"><div class=\"w-tabs-section-content-h i-cf\"><div class=\"g-cols wpb_row via_grid cols_1 laptops-cols_inherit tablets-cols_inherit mobiles-cols_1 valign_top type_default stacking_default\" style=\"--columns-gap:3rem;\"><div class=\"wpb_column vc_column_container\"><div class=\"vc_column-inner\"><div class=\"w-image style_shadow-1 align_center\"><div class=\"w-image-h\"><img decoding=\"async\" width=\"1024\" height=\"412\" src=\"https:\/\/claudiamorenofraile.com\/wp-content\/uploads\/2025\/03\/Fins_ara-Aio.jpg\" class=\"attachment-full size-full\" alt=\"\" loading=\"lazy\" srcset=\"https:\/\/claudiamorenofraile.com\/wp-content\/uploads\/2025\/03\/Fins_ara-Aio.jpg 1024w, https:\/\/claudiamorenofraile.com\/wp-content\/uploads\/2025\/03\/Fins_ara-Aio-300x121.jpg 300w\" sizes=\"auto, (max-width: 1024px) 100vw, 1024px\" \/><\/div><\/div><div class=\"w-separator size_small\"><\/div><div class=\"wpb_text_column\"><div class=\"wpb_wrapper\"><h3 style=\"text-align: center;\">PORTADES I TEXTOS PER A COMPOSITORS:<\/h3>\n<\/div><\/div><div class=\"w-separator size_small\"><\/div><div class=\"wpb_text_column\"><div class=\"wpb_wrapper\"><p>Claudia Moreno Fraile va col\u00b7laborar de manera professional escrivint els textos originals de tres composicions musicals creats per Telmo Sans Ruiz que van ser presentades a diversos concursos nacionals i internacionals, entre ells el concurs de composici\u00f3 vocal de l&#8217;Orfe\u00f3 Catal\u00e0 2023. Tanmateix, va ser l&#8217;autora de les portades pict\u00f2riques d&#8217;aquestes mateixes, i d&#8217;altres obres del mateix autor.<\/p>\n<\/div><\/div><div class=\"w-separator size_medium\"><\/div><\/div><\/div><\/div><div class=\"g-cols wpb_row via_grid cols_1-2 laptops-cols_inherit tablets-cols_inherit mobiles-cols_1 valign_top type_default stacking_default\" style=\"--columns-gap:3rem;\"><div class=\"wpb_column vc_column_container\"><div class=\"vc_column-inner\"><div class=\"w-image style_shadow-1 align_center\"><a ref=\"magnificPopup\" href=\"https:\/\/claudiamorenofraile.com\/wp-content\/uploads\/2025\/03\/blanca-porcellana.png\" aria-label=\"blanca-porcellana\" class=\"w-image-h\"><img decoding=\"async\" width=\"585\" height=\"812\" src=\"https:\/\/claudiamorenofraile.com\/wp-content\/uploads\/2025\/03\/blanca-porcellana.png\" class=\"attachment-large size-large\" alt=\"\" loading=\"lazy\" srcset=\"https:\/\/claudiamorenofraile.com\/wp-content\/uploads\/2025\/03\/blanca-porcellana.png 585w, https:\/\/claudiamorenofraile.com\/wp-content\/uploads\/2025\/03\/blanca-porcellana-216x300.png 216w\" sizes=\"auto, (max-width: 585px) 100vw, 585px\" \/><\/a><\/div><\/div><\/div><div class=\"wpb_column vc_column_container us_custom_c1128043\"><div class=\"vc_column-inner\"><div class=\"wpb_text_column\"><div class=\"wpb_wrapper\"><p><em>Blanca porcellana<\/em><br \/>\n<em>de somrient figura,<\/em><br \/>\n<em>tu que il\u00b7lumines nits<\/em><br \/>\n<em>i cantes a les flors di\u00fcrnes,<\/em><br \/>\n<em>no t\u2019amaguis mai<\/em><br \/>\n<em>doncs animes a les \u00e0nimes<\/em><br \/>\n<em>i a les fosques cures.<\/em><\/p>\n<p style=\"text-align: left;\"><span>&#8211; Claudia Moreno<\/span><\/p>\n<\/div><\/div><\/div><\/div><\/div><div class=\"w-separator size_small with_line width_default thick_1 style_solid color_border align_center\"><div class=\"w-separator-h\"><\/div><\/div><div class=\"g-cols wpb_row via_grid cols_1-2 laptops-cols_inherit tablets-cols_inherit mobiles-cols_1 valign_top type_default stacking_default\" style=\"--columns-gap:3rem;\"><div class=\"wpb_column vc_column_container\"><div class=\"vc_column-inner\"><div class=\"w-image style_shadow-1 align_center\"><a ref=\"magnificPopup\" href=\"https:\/\/claudiamorenofraile.com\/wp-content\/uploads\/2025\/03\/el-record-ahir.png\" aria-label=\"el-record-ahir\" class=\"w-image-h\"><img decoding=\"async\" width=\"588\" height=\"793\" src=\"https:\/\/claudiamorenofraile.com\/wp-content\/uploads\/2025\/03\/el-record-ahir.png\" class=\"attachment-large size-large\" alt=\"\" loading=\"lazy\" srcset=\"https:\/\/claudiamorenofraile.com\/wp-content\/uploads\/2025\/03\/el-record-ahir.png 588w, https:\/\/claudiamorenofraile.com\/wp-content\/uploads\/2025\/03\/el-record-ahir-222x300.png 222w\" sizes=\"auto, (max-width: 588px) 100vw, 588px\" \/><\/a><\/div><\/div><\/div><div class=\"wpb_column vc_column_container us_custom_c1128043\"><div class=\"vc_column-inner\"><div class=\"wpb_text_column\"><div class=\"wpb_wrapper\"><p><em>Cau el vespre,<\/em><br \/>\n<em>regne del desconcert.<\/em><br \/>\n<em>Esquin\u00e7a l\u2019horitz\u00f3<\/em><br \/>\n<em>la pluja sense nom.<\/em><br \/>\n<em>Cau la nit,<\/em><br \/>\n<em>passeig d\u2019insomnes.<\/em><br \/>\n<em>Finestres que ploren amb vel<\/em><br \/>\n<em>de la teva abs\u00e8ncia,<\/em><br \/>\n<em>de la teva llunyania,<\/em><br \/>\n<em>de la autodestrucci\u00f3.<\/em><br \/>\n<em>Al\u00e7ar\u00e0 l\u2019alba<\/em><br \/>\n<em>a la ciutat adormida<\/em><br \/>\n<em>rescatant del diluvi<\/em><br \/>\n<em>les paraules perdudes.<\/em><br \/>\n<em>Nom\u00e9s restar\u00e1 a les \u00e0nimes<\/em><br \/>\n<em>el record d\u2019un ahir,<\/em><br \/>\n<em>reposant dins els cors<\/em><br \/>\n<em>el vespre, l\u2019alba i la nit.<\/em><\/p>\n<p style=\"text-align: left;\">&#8211; Claudia Moreno and Telmo Sans<\/p>\n<\/div><\/div><\/div><\/div><\/div><div class=\"w-separator size_small with_line width_default thick_1 style_solid color_border align_center\"><div class=\"w-separator-h\"><\/div><\/div><div class=\"g-cols wpb_row via_grid cols_1-2 laptops-cols_inherit tablets-cols_inherit mobiles-cols_1 valign_top type_default stacking_default\" style=\"--columns-gap:3rem;\"><div class=\"wpb_column vc_column_container\"><div class=\"vc_column-inner\"><div class=\"w-image style_shadow-1 align_center\"><a ref=\"magnificPopup\" href=\"https:\/\/claudiamorenofraile.com\/wp-content\/uploads\/2025\/03\/els-estels.png\" aria-label=\"els-estels\" class=\"w-image-h\"><img decoding=\"async\" width=\"549\" height=\"740\" src=\"https:\/\/claudiamorenofraile.com\/wp-content\/uploads\/2025\/03\/els-estels.png\" class=\"attachment-large size-large\" alt=\"\" loading=\"lazy\" srcset=\"https:\/\/claudiamorenofraile.com\/wp-content\/uploads\/2025\/03\/els-estels.png 549w, https:\/\/claudiamorenofraile.com\/wp-content\/uploads\/2025\/03\/els-estels-223x300.png 223w\" sizes=\"auto, (max-width: 549px) 100vw, 549px\" \/><\/a><\/div><\/div><\/div><div class=\"wpb_column vc_column_container us_custom_c1128043\"><div class=\"vc_column-inner\"><div class=\"wpb_text_column\"><div class=\"wpb_wrapper\"><p><em>Avui llegeixo els estels en el meu idioma.<\/em><br \/>\n<em>N\u2019he escollit un per una persona,<\/em><br \/>\n<em>per veure-la cada nit<\/em><br \/>\n<em>i sentir que ella tamb\u00e9 em veu.<\/em><br \/>\n<em>Espero algun dia mirar cap amunt<\/em><br \/>\n<em>i no sentir-me tan lluny de tu,<\/em><br \/>\n<em>cel meu.<\/em><\/p>\n<p style=\"text-align: left;\"><span>&#8211; Claudia Moreno<\/span><\/p>\n<\/div><\/div><\/div><\/div><\/div><div class=\"w-separator size_small with_line width_default thick_1 style_solid color_border align_center\"><div class=\"w-separator-h\"><\/div><\/div><div class=\"g-cols wpb_row via_grid cols_3 laptops-cols_inherit tablets-cols_inherit mobiles-cols_1 valign_top type_default stacking_default\" style=\"--columns-gap:3rem;\"><div class=\"wpb_column vc_column_container\"><div class=\"vc_column-inner\"><div class=\"w-image style_shadow-1 align_center\"><a ref=\"magnificPopup\" href=\"https:\/\/claudiamorenofraile.com\/wp-content\/uploads\/2025\/03\/trio.png\" aria-label=\"trio\" class=\"w-image-h\"><img decoding=\"async\" width=\"529\" height=\"765\" src=\"https:\/\/claudiamorenofraile.com\/wp-content\/uploads\/2025\/03\/trio.png\" class=\"attachment-large size-large\" alt=\"\" loading=\"lazy\" srcset=\"https:\/\/claudiamorenofraile.com\/wp-content\/uploads\/2025\/03\/trio.png 529w, https:\/\/claudiamorenofraile.com\/wp-content\/uploads\/2025\/03\/trio-207x300.png 207w\" sizes=\"auto, (max-width: 529px) 100vw, 529px\" \/><\/a><\/div><\/div><\/div><div class=\"wpb_column vc_column_container\"><div class=\"vc_column-inner\"><div class=\"w-image style_shadow-1 align_center\"><a ref=\"magnificPopup\" href=\"https:\/\/claudiamorenofraile.com\/wp-content\/uploads\/2025\/03\/more-less-death.png\" aria-label=\"more-less-death\" class=\"w-image-h\"><img decoding=\"async\" width=\"494\" height=\"650\" src=\"https:\/\/claudiamorenofraile.com\/wp-content\/uploads\/2025\/03\/more-less-death.png\" class=\"attachment-large size-large\" alt=\"\" loading=\"lazy\" srcset=\"https:\/\/claudiamorenofraile.com\/wp-content\/uploads\/2025\/03\/more-less-death.png 494w, https:\/\/claudiamorenofraile.com\/wp-content\/uploads\/2025\/03\/more-less-death-228x300.png 228w\" sizes=\"auto, (max-width: 494px) 100vw, 494px\" \/><\/a><\/div><\/div><\/div><div class=\"wpb_column vc_column_container\"><div class=\"vc_column-inner\"><div class=\"w-image style_shadow-1 align_center\"><a ref=\"magnificPopup\" href=\"https:\/\/claudiamorenofraile.com\/wp-content\/uploads\/2025\/03\/deconstruction.png\" aria-label=\"deconstruction\" class=\"w-image-h\"><img decoding=\"async\" width=\"539\" height=\"783\" src=\"https:\/\/claudiamorenofraile.com\/wp-content\/uploads\/2025\/03\/deconstruction.png\" class=\"attachment-large size-large\" alt=\"\" loading=\"lazy\" srcset=\"https:\/\/claudiamorenofraile.com\/wp-content\/uploads\/2025\/03\/deconstruction.png 539w, https:\/\/claudiamorenofraile.com\/wp-content\/uploads\/2025\/03\/deconstruction-207x300.png 207w\" sizes=\"auto, (max-width: 539px) 100vw, 539px\" \/><\/a><\/div><\/div><\/div><\/div><\/div><\/div><\/div><\/div><\/div><\/div><\/div><\/div><\/div><\/section>\n","protected":false},"excerpt":{"rendered":"PalimpsestPALIMPSEST Composicions a trav\u00e9s de pr\u00e9stecs musicals de repertori arp\u00edstic original Conformat per cinc can\u00e7ons que sumen una durada total de vint minuts, l\u2019EP \u201cPalimpsest\u201d \u00e9s un projecte art\u00edstic que es va desenvolupar al llarg del curs 2023\/24. El seu atribut es defineix essencialment en l&#8217;\u00fas de peces cl\u00e0ssiques originals per a arpa com a...","protected":false},"author":1,"featured_media":4275,"parent":0,"menu_order":0,"comment_status":"closed","ping_status":"closed","template":"","meta":{"footnotes":""},"class_list":["post-4295","page","type-page","status-publish","has-post-thumbnail","hentry"],"_links":{"self":[{"href":"https:\/\/claudiamorenofraile.com\/ca\/wp-json\/wp\/v2\/pages\/4295","targetHints":{"allow":["GET"]}}],"collection":[{"href":"https:\/\/claudiamorenofraile.com\/ca\/wp-json\/wp\/v2\/pages"}],"about":[{"href":"https:\/\/claudiamorenofraile.com\/ca\/wp-json\/wp\/v2\/types\/page"}],"author":[{"embeddable":true,"href":"https:\/\/claudiamorenofraile.com\/ca\/wp-json\/wp\/v2\/users\/1"}],"replies":[{"embeddable":true,"href":"https:\/\/claudiamorenofraile.com\/ca\/wp-json\/wp\/v2\/comments?post=4295"}],"version-history":[{"count":8,"href":"https:\/\/claudiamorenofraile.com\/ca\/wp-json\/wp\/v2\/pages\/4295\/revisions"}],"predecessor-version":[{"id":4751,"href":"https:\/\/claudiamorenofraile.com\/ca\/wp-json\/wp\/v2\/pages\/4295\/revisions\/4751"}],"wp:featuredmedia":[{"embeddable":true,"href":"https:\/\/claudiamorenofraile.com\/ca\/wp-json\/wp\/v2\/media\/4275"}],"wp:attachment":[{"href":"https:\/\/claudiamorenofraile.com\/ca\/wp-json\/wp\/v2\/media?parent=4295"}],"curies":[{"name":"wp","href":"https:\/\/api.w.org\/{rel}","templated":true}]}}